{"id":646,"date":"2021-03-10T19:35:04","date_gmt":"2021-03-10T18:35:04","guid":{"rendered":"http:\/\/lamesetcreations.fr\/?post_type=product&#038;p=646"},"modified":"2021-04-13T17:02:25","modified_gmt":"2021-04-13T15:02:25","slug":"dague-de-chasse-manche-en-bois-de-cerf","status":"publish","type":"product","link":"https:\/\/lamesetcreations.fr\/index.php\/produit\/dague-de-chasse-manche-en-bois-de-cerf\/","title":{"rendered":"Dague de chasse, manche en Bois de Cerf"},"content":{"rendered":"<p>Lame en acier inoxydable Bohler N690CO : c&rsquo;est un acier inoxydable \u00e0 tr\u00e8s haut taux de carbone avec addition de cobalt, parfait pour la fabrication de couteaux outdoor tr\u00e8s sollicit\u00e9es (couteaux tactiques, bushcraft, chasse, survie&#8230;). Elle ne noircit pas.<br \/>\nMontage sur soie et garde en inox.<br \/>\n\u00c9mouture creuse et finition satin\u00e9e.<br \/>\nManche en bois de cerf.<br \/>\nLongueur totale : 330 mm<br \/>\nLongueur lame : 185 mm<\/p>\n","protected":false},"excerpt":{"rendered":"<p>Lame en acier inoxydable Bohler N690CO : c&rsquo;est un acier inoxydable \u00e0 tr\u00e8s haut taux de carbone avec addition de cobalt, parfait pour la fabrication de couteaux outdoor tr\u00e8s sollicit\u00e9es (couteaux tactiques, bushcraft, chasse, survie&#8230;). Elle ne noircit pas. Montage sur soie et garde en inox. \u00c9mouture creuse et finition satin\u00e9e. Manche en bois de &hellip;<\/p>\n<p class=\"read-more\"> <a class=\"\" href=\"https:\/\/lamesetcreations.fr\/index.php\/produit\/dague-de-chasse-manche-en-bois-de-cerf\/\"> <span class=\"screen-reader-text\">Dague de chasse, manche en Bois de Cerf<\/span> Lire la suite\u00a0\u00bb<\/a><\/p>\n","protected":false},"featured_media":652,"comment_status":"open","ping_status":"closed","template":"","meta":{"spay_email":""},"_links":{"self":[{"href":"https:\/\/lamesetcreations.fr\/index.php\/wp-json\/wp\/v2\/product\/646"}],"collection":[{"href":"https:\/\/lamesetcreations.fr\/index.php\/wp-json\/wp\/v2\/product"}],"about":[{"href":"https:\/\/lamesetcreations.fr\/index.php\/wp-json\/wp\/v2\/types\/product"}],"replies":[{"embeddable":true,"href":"https:\/\/lamesetcreations.fr\/index.php\/wp-json\/wp\/v2\/comments?post=646"}],"wp:featuredmedia":[{"embeddable":true,"href":"https:\/\/lamesetcreations.fr\/index.php\/wp-json\/wp\/v2\/media\/652"}],"wp:attachment":[{"href":"https:\/\/lamesetcreations.fr\/index.php\/wp-json\/wp\/v2\/media?parent=646"}],"curies":[{"name":"wp","href":"https:\/\/api.w.org\/{rel}","templated":true}]}}